{"id":55,"date":"2023-04-17T06:00:54","date_gmt":"2023-04-17T06:00:54","guid":{"rendered":"http:\/\/av-normannia-mainz.de\/?page_id=55"},"modified":"2023-10-09T18:53:28","modified_gmt":"2023-10-09T16:53:28","slug":"galerie","status":"publish","type":"page","link":"https:\/\/av-normannia-mainz.de\/?page_id=55","title":{"rendered":"Eindr\u00fccke"},"content":{"rendered":"\n<p>Hier findet ihr ein paar R\u00fcckblicke auf vergangene Veranstaltungen, an die wir uns gerne zur\u00fcckerinnern.<\/p>\n\n\n\n<p>Noch mehr Beitr\u00e4ge findet ihr auf <a href=\"https:\/\/www.facebook.com\/NormanniaMainz\/?locale=de_DE\" target=\"_blank\" rel=\"noreferrer noopener\">Facebook <\/a>und <a href=\"https:\/\/www.instagram.com\/avnormannia\/?hl=de\" target=\"_blank\" rel=\"noreferrer noopener\">Instagram<\/a>.<\/p>\n\n\n\n<div class=\"alignnormal\"><div id=\"metaslider-id-167\" style=\"width: 100%;\" class=\"ml-slider-3-109-0 metaslider metaslider-flex metaslider-167 ml-slider has-dots-nav ms-theme-default\" role=\"region\" aria-label=\"AV Galerie\" data-height=\"300\" data-width=\"700\">\n    <div id=\"metaslider_container_167\">\n        <div id=\"metaslider_167\">\n            <ul class='slides'>\n                <li style=\"display: block; width: 100%;\" class=\"slide-168 ms-image \" aria-roledescription=\"slide\" data-date=\"2023-02-26 15:34:55\" data-filename=\"SS18-Gruppenbild-1-scaled.jpg\" data-slide-type=\"image\"><img loading=\"lazy\" decoding=\"async\" width=\"2560\" height=\"1656\" src=\"https:\/\/av-normannia-mainz.de\/wp-content\/uploads\/2021\/07\/SS18-Gruppenbild-1-scaled.jpg\" class=\"slider-167 slide-168 msDefaultImage\" alt=\"\" rel=\"\" title=\"SS18-Gruppenbild-1\" srcset=\"https:\/\/av-normannia-mainz.de\/wp-content\/uploads\/2021\/07\/SS18-Gruppenbild-1-scaled.jpg 2560w, https:\/\/av-normannia-mainz.de\/wp-content\/uploads\/2021\/07\/SS18-Gruppenbild-1-300x194.jpg 300w, https:\/\/av-normannia-mainz.de\/wp-content\/uploads\/2021\/07\/SS18-Gruppenbild-1-1024x662.jpg 1024w, https:\/\/av-normannia-mainz.de\/wp-content\/uploads\/2021\/07\/SS18-Gruppenbild-1-768x497.jpg 768w, https:\/\/av-normannia-mainz.de\/wp-content\/uploads\/2021\/07\/SS18-Gruppenbild-1-1536x993.jpg 1536w, https:\/\/av-normannia-mainz.de\/wp-content\/uploads\/2021\/07\/SS18-Gruppenbild-1-2048x1325.jpg 2048w\" sizes=\"auto, (max-width: 2560px) 100vw, 2560px\" \/><div class=\"caption-wrap\"><div class=\"caption\">Stiftungsfest 2018<\/div><\/div><\/li>\n                <li style=\"display: none; width: 100%;\" class=\"slide-169 ms-image \" aria-roledescription=\"slide\" data-date=\"2023-02-26 15:34:55\" data-filename=\"Nr-2.1-1.jpg\" data-slide-type=\"image\"><img loading=\"lazy\" decoding=\"async\" width=\"1204\" height=\"804\" src=\"https:\/\/av-normannia-mainz.de\/wp-content\/uploads\/2021\/07\/Nr-2.1-1.jpg\" class=\"slider-167 slide-169 msDefaultImage\" alt=\"\" rel=\"\" title=\"Nr-2.1-1\" srcset=\"https:\/\/av-normannia-mainz.de\/wp-content\/uploads\/2021\/07\/Nr-2.1-1.jpg 1204w, https:\/\/av-normannia-mainz.de\/wp-content\/uploads\/2021\/07\/Nr-2.1-1-300x200.jpg 300w, https:\/\/av-normannia-mainz.de\/wp-content\/uploads\/2021\/07\/Nr-2.1-1-1024x684.jpg 1024w, https:\/\/av-normannia-mainz.de\/wp-content\/uploads\/2021\/07\/Nr-2.1-1-768x513.jpg 768w\" sizes=\"auto, (max-width: 1204px) 100vw, 1204px\" \/><div class=\"caption-wrap\"><div class=\"caption\">Stiftungsfest 2016<\/div><\/div><\/li>\n                <li style=\"display: none; width: 100%;\" class=\"slide-170 ms-image \" aria-roledescription=\"slide\" data-date=\"2023-02-26 15:34:55\" data-filename=\"20151128-Schloko-II-021-2.jpg\" data-slide-type=\"image\"><img loading=\"lazy\" decoding=\"async\" width=\"807\" height=\"751\" src=\"https:\/\/av-normannia-mainz.de\/wp-content\/uploads\/2021\/12\/20151128-Schloko-II-021-2.jpg\" class=\"slider-167 slide-170 msDefaultImage\" alt=\"\" rel=\"\" title=\"20151128-Schloko-II-021-2\" srcset=\"https:\/\/av-normannia-mainz.de\/wp-content\/uploads\/2021\/12\/20151128-Schloko-II-021-2.jpg 807w, https:\/\/av-normannia-mainz.de\/wp-content\/uploads\/2021\/12\/20151128-Schloko-II-021-2-300x279.jpg 300w, https:\/\/av-normannia-mainz.de\/wp-content\/uploads\/2021\/12\/20151128-Schloko-II-021-2-768x715.jpg 768w\" sizes=\"auto, (max-width: 807px) 100vw, 807px\" \/><div class=\"caption-wrap\"><div class=\"caption\">Heidelberger Schlosskommers 2015<\/div><\/div><\/li>\n                <li style=\"display: none; width: 100%;\" class=\"slide-171 ms-image \" aria-roledescription=\"slide\" data-date=\"2023-02-26 15:34:55\" data-filename=\"P1410411-2-scaled.jpg\" data-slide-type=\"image\"><img loading=\"lazy\" decoding=\"async\" width=\"2560\" height=\"2326\" src=\"https:\/\/av-normannia-mainz.de\/wp-content\/uploads\/2021\/12\/P1410411-2-scaled.jpg\" class=\"slider-167 slide-171 msDefaultImage\" alt=\"\" rel=\"\" title=\"P1410411-2\" srcset=\"https:\/\/av-normannia-mainz.de\/wp-content\/uploads\/2021\/12\/P1410411-2-scaled.jpg 2560w, https:\/\/av-normannia-mainz.de\/wp-content\/uploads\/2021\/12\/P1410411-2-300x273.jpg 300w, https:\/\/av-normannia-mainz.de\/wp-content\/uploads\/2021\/12\/P1410411-2-1024x930.jpg 1024w, https:\/\/av-normannia-mainz.de\/wp-content\/uploads\/2021\/12\/P1410411-2-768x698.jpg 768w, https:\/\/av-normannia-mainz.de\/wp-content\/uploads\/2021\/12\/P1410411-2-1536x1396.jpg 1536w, https:\/\/av-normannia-mainz.de\/wp-content\/uploads\/2021\/12\/P1410411-2-2048x1861.jpg 2048w\" sizes=\"auto, (max-width: 2560px) 100vw, 2560px\" \/><div class=\"caption-wrap\"><div class=\"caption\">Winterfest Rheno-Palatia Mainz 2019<\/div><\/div><\/li>\n                <li style=\"display: none; width: 100%;\" class=\"slide-172 ms-image \" aria-roledescription=\"slide\" data-date=\"2023-02-26 15:34:55\" data-filename=\"Kommers-Palaten-scaled.jpg\" data-slide-type=\"image\"><img loading=\"lazy\" decoding=\"async\" width=\"2560\" height=\"1920\" src=\"https:\/\/av-normannia-mainz.de\/wp-content\/uploads\/2021\/12\/Kommers-Palaten-scaled.jpg\" class=\"slider-167 slide-172 msDefaultImage\" alt=\"\" rel=\"\" title=\"Kommers-Palaten\" srcset=\"https:\/\/av-normannia-mainz.de\/wp-content\/uploads\/2021\/12\/Kommers-Palaten-scaled.jpg 2560w, https:\/\/av-normannia-mainz.de\/wp-content\/uploads\/2021\/12\/Kommers-Palaten-300x225.jpg 300w, https:\/\/av-normannia-mainz.de\/wp-content\/uploads\/2021\/12\/Kommers-Palaten-1024x768.jpg 1024w, https:\/\/av-normannia-mainz.de\/wp-content\/uploads\/2021\/12\/Kommers-Palaten-768x576.jpg 768w, https:\/\/av-normannia-mainz.de\/wp-content\/uploads\/2021\/12\/Kommers-Palaten-1536x1152.jpg 1536w, https:\/\/av-normannia-mainz.de\/wp-content\/uploads\/2021\/12\/Kommers-Palaten-2048x1536.jpg 2048w\" sizes=\"auto, (max-width: 2560px) 100vw, 2560px\" \/><div class=\"caption-wrap\"><div class=\"caption\">Winterfest Rheno-Palatia Mainz 2019<\/div><\/div><\/li>\n                <li style=\"display: none; width: 100%;\" class=\"slide-175 ms-image \" aria-roledescription=\"slide\" data-date=\"2023-02-26 15:34:55\" data-filename=\"20200301_1946461.jpg\" data-slide-type=\"image\"><img loading=\"lazy\" decoding=\"async\" width=\"1568\" height=\"1176\" src=\"https:\/\/av-normannia-mainz.de\/wp-content\/uploads\/2021\/12\/20200301_1946461.jpg\" class=\"slider-167 slide-175 msDefaultImage\" alt=\"\" rel=\"\" title=\"20200301_1946461\" srcset=\"https:\/\/av-normannia-mainz.de\/wp-content\/uploads\/2021\/12\/20200301_1946461.jpg 1568w, https:\/\/av-normannia-mainz.de\/wp-content\/uploads\/2021\/12\/20200301_1946461-300x225.jpg 300w, https:\/\/av-normannia-mainz.de\/wp-content\/uploads\/2021\/12\/20200301_1946461-1024x768.jpg 1024w, https:\/\/av-normannia-mainz.de\/wp-content\/uploads\/2021\/12\/20200301_1946461-768x576.jpg 768w, https:\/\/av-normannia-mainz.de\/wp-content\/uploads\/2021\/12\/20200301_1946461-1536x1152.jpg 1536w\" sizes=\"auto, (max-width: 1568px) 100vw, 1568px\" \/><div class=\"caption-wrap\"><div class=\"caption\">Geburtstag Jochen 2020<\/div><\/div><\/li>\n            <\/ul>\n        <\/div>\n        \n    <\/div>\n<\/div><\/div>\n","protected":false},"excerpt":{"rendered":"<p>Hier findet ihr ein paar R\u00fcckblicke auf vergangene Veranstaltungen, an die wir uns gerne zur\u00fcckerinnern. Noch mehr Beitr\u00e4ge findet ihr auf Facebook und Instagram.<\/p>\n","protected":false},"author":1,"featured_media":0,"parent":0,"menu_order":0,"comment_status":"closed","ping_status":"closed","template":"","meta":{"ngg_post_thumbnail":0,"footnotes":""},"class_list":["post-55","page","type-page","status-publish","hentry"],"_links":{"self":[{"href":"https:\/\/av-normannia-mainz.de\/index.php?rest_route=\/wp\/v2\/pages\/55","targetHints":{"allow":["GET"]}}],"collection":[{"href":"https:\/\/av-normannia-mainz.de\/index.php?rest_route=\/wp\/v2\/pages"}],"about":[{"href":"https:\/\/av-normannia-mainz.de\/index.php?rest_route=\/wp\/v2\/types\/page"}],"author":[{"embeddable":true,"href":"https:\/\/av-normannia-mainz.de\/index.php?rest_route=\/wp\/v2\/users\/1"}],"replies":[{"embeddable":true,"href":"https:\/\/av-normannia-mainz.de\/index.php?rest_route=%2Fwp%2Fv2%2Fcomments&post=55"}],"version-history":[{"count":6,"href":"https:\/\/av-normannia-mainz.de\/index.php?rest_route=\/wp\/v2\/pages\/55\/revisions"}],"predecessor-version":[{"id":420,"href":"https:\/\/av-normannia-mainz.de\/index.php?rest_route=\/wp\/v2\/pages\/55\/revisions\/420"}],"wp:attachment":[{"href":"https:\/\/av-normannia-mainz.de\/index.php?rest_route=%2Fwp%2Fv2%2Fmedia&parent=55"}],"curies":[{"name":"wp","href":"https:\/\/api.w.org\/{rel}","templated":true}]}}