{"id":436,"date":"2023-11-04T14:47:42","date_gmt":"2023-11-04T13:47:42","guid":{"rendered":"https:\/\/av-normannia-mainz.de\/?page_id=436"},"modified":"2026-01-04T22:17:44","modified_gmt":"2026-01-04T21:17:44","slug":"mitglied-werden","status":"publish","type":"page","link":"https:\/\/av-normannia-mainz.de\/?page_id=436","title":{"rendered":"Mitglied werden"},"content":{"rendered":"\n<p>Verbindung &#8211; klingt nach etwas, das Dir gefallen k\u00f6nnte? Oder wir haben Dein Interesse geweckt, aber Du bist Dir nicht ganz sicher? Dann schreib uns doch einfach <a href=\"https:\/\/av-normannia-mainz.de\/?page_id=67\" data-type=\"link\" data-id=\"https:\/\/av-normannia-mainz.de\/?page_id=67\">hier <\/a>(gerne auch per <a href=\"https:\/\/www.instagram.com\/avnormanniamainz\/\" data-type=\"link\" data-id=\"https:\/\/www.instagram.com\/avnormanniamainz\/\">Instagram <\/a>oder <a href=\"https:\/\/www.facebook.com\/NormanniaMainz\/?locale=de_DE\" data-type=\"link\" data-id=\"https:\/\/www.facebook.com\/NormanniaMainz\/?locale=de_DE\">Facebook<\/a>).<\/p>\n\n\n\n<p>Wir k\u00f6nnen gerne ein gem\u00fctliches, unverbindliches Kennenlernen vereinbaren und Du bist auch zu allen unseren <a href=\"https:\/\/av-normannia-mainz.de\/?post_type=tribe_events\" data-type=\"link\" data-id=\"https:\/\/av-normannia-mainz.de\/?post_type=tribe_events\">Veranstaltungen <\/a>herzlichst eingeladen (am besten mit Anmeldung, geht aber meist auch ohne). Bei Frage stehen wir jederzeit zur Verf\u00fcgung.<\/p>\n\n\n\n<p><\/p>\n\n\n\n<p><strong>Wie l\u00e4uft das Ganze jetzt ab?<\/strong><\/p>\n\n\n\n<p>Du hast uns kennengelernt und es gef\u00e4llt Dir bei uns, was passiert, wenn Du entscheidest, dass Du Teil des AV Normannia werden m\u00f6chtest?<\/p>\n\n\n\n<p>Als Allererstes stellst Du einen Antrag (das ist super unkompliziert und wir unterst\u00fctzen Dich dabei!), \u00fcber den wir dann auf dem Convent, also unserer Mitgliederversammlung, abstimmen. In aller Regel entscheiden wir uns f\u00fcr Deine Aufnahme und dann bist Du erstmal F\u00e4he, also &#8222;Probemitglied&#8220;.<\/p>\n\n\n<div class=\"wp-block-image\">\n<figure class=\"alignleft size-large is-resized\"><img loading=\"lazy\" decoding=\"async\" width=\"523\" height=\"1024\" src=\"https:\/\/av-normannia-mainz.de\/wp-content\/uploads\/2023\/11\/Sktkerze-Bild-523x1024.jpg\" alt=\"\" class=\"wp-image-439\" style=\"aspect-ratio:0.5107421875;width:286px;height:auto\" srcset=\"https:\/\/av-normannia-mainz.de\/wp-content\/uploads\/2023\/11\/Sktkerze-Bild-523x1024.jpg 523w, https:\/\/av-normannia-mainz.de\/wp-content\/uploads\/2023\/11\/Sktkerze-Bild-153x300.jpg 153w, https:\/\/av-normannia-mainz.de\/wp-content\/uploads\/2023\/11\/Sktkerze-Bild-768x1503.jpg 768w, https:\/\/av-normannia-mainz.de\/wp-content\/uploads\/2023\/11\/Sktkerze-Bild-785x1536.jpg 785w, https:\/\/av-normannia-mainz.de\/wp-content\/uploads\/2023\/11\/Sktkerze-Bild.jpg 858w\" sizes=\"auto, (max-width: 523px) 100vw, 523px\" \/><\/figure>\n<\/div>\n\n\n<p>Zur Best\u00e4tigung Deines Beitritts haben wir eine sehr sch\u00f6ne Tradition, wir nennen sie die Sektkerzentradition. Mit einem Picolosekt darfst Du gemeinsam mit uns auf Deine Aufnahme ansto\u00dfen (Nat\u00fcrlich haben wir alkoholfreie Alternativen). Danach darfst du deinen handgeschriebenen Antrag in die Flasche einwerfen und versiegelt wird das Ganze am Ende mit einer Kerze. W\u00e4hrend diese brennt, singen wir gemeinsam unsere Farbenstrophe und so entsteht bei jeder Aufnahme einer F\u00e4he eine wundersch\u00f6ne Atmosph\u00e4re.<\/p>\n\n\n\n<p>Um Deine Aufnahme auch nach au\u00dfen hin offiziell zu machen, wirst du bei einer Kneipe (einer unserer traditionellsten studentischen Veranstaltungen) feierlich rezipiert. Hierbei wirst Du nach vorne geholt und einmal kurz allen vorgestellt, danach geht das Licht aus, sodass nur noch Deine Sektkerze brennt, die Atmosph\u00e4re, die hierbei entsteht, ist eine ganz Besondere. Nach einigen Worten wirst du bei Musik zur\u00fcck an deinen Platz begleitet und meist herrscht danach eine sehr freudige Stimmung.<\/p>\n\n\n\n<p>In Deiner F\u00e4henzeit lernst Du die Verbindung von innen kennen, die F\u00e4henmajora ist dabei Deine st\u00e4ndige Ansprechpartnerin und Du kannst dich auf die dauernde Unterst\u00fctzung von uns allen verlassen. Du lernst sozusagen eine eigene kleine Welt kennen und kannst Dich pers\u00f6nlich weiterentwickeln. Du tr\u00e4gst Verantwortung in kleinem Rahmen; wir erwarten von dir, dass Du eine Veranstaltung organisierst, und um unserem wissenschaftlichen Prinzip gerecht zu werden, m\u00f6chten wir, dass Du einen Vortrag zu einem Thema Deiner Wahl h\u00e4ltst. Dazu kommt das Ausw\u00e4rts Chargieren, also die Repr\u00e4sentation bei einer traditionellen Veranstaltung einer anderen Verbindung. Nat\u00fcrlich wirst du bei keiner dieser Sachen alleine gelassen, wir sind immer f\u00fcr dich da und bisher gab es keine unter uns, die es nicht geschafft h\u00e4tte.<\/p>\n\n\n\n<p>Zum Abschluss deiner F\u00e4henzeit gibt es noch eine kleine Pr\u00fcfung. Es ist eher ein gem\u00fctliches Gespr\u00e4ch, bei dem wir Dir Fragen stellen und schauen, ob Du verstanden hast, was es bedeutet, Mitglied bei uns zu sein.<\/p>\n\n\n\n<p>Wenn alles geklappt hat, wirst Du an der n\u00e4chsten Kneipe feierlich promoviert, wobei auch wieder Deine Sektkerze brennen wird, und dann bist Du Dame.<\/p>\n\n\n\n<p>Nachdem Du Dein Studium beendet hast, wirst Du &#8211; nach Deiner Aktivenzeit &#8211; schlie\u00dflich Hohe Dame, das hei\u00dft, man ist Mitglied der Verbindung, aber kein Teil der Aktivitas mehr, auch hierf\u00fcr wird an einer Kneipe erneut Deine Sektkerze angez\u00fcndet. Nat\u00fcrlich besteht auch die M\u00f6glichkeit, direkt Hohe Dame zu werden, selbst wenn man vorher nicht aktiv war, dazu bitte einfach Kontakt zu unserer <a href=\"mailto:Hd-av-normannia@web.de\" data-type=\"mailto\" data-id=\"mailto:Hd-av-normannia@web.de\">Hohe Damen Verbindung<\/a><a href=\"https:\/\/av-normannia-mainz.de\/?page_id=441\" data-type=\"page\" data-id=\"441\"><\/a> aufnehmen.<\/p>\n\n\n\n<p>Und falls Du Dich doch gegen die Verbindung entscheidest, besteht jederzeit und ohne jeglichen Aufwand die M\u00f6glichkeit, wieder auszutreten. Wir werden nat\u00fcrlich nicht gl\u00fccklich sein, aber wir respektieren Deine pers\u00f6nliche Entscheidung und blicken mit Sicherheit freudig auf die Zeit zur\u00fcck, in der Du bei uns warst. Wir werden Dich, wenn Du das m\u00f6chtest, auch gerne weiterhin als Gast &#8211; vielleicht sogar als Freundin der Verbindung &#8211; bei uns empfangen.<\/p>\n\n\n\n<p><\/p>\n","protected":false},"excerpt":{"rendered":"<p>Verbindung &#8211; klingt nach etwas, das Dir gefallen k\u00f6nnte? Oder wir haben Dein Interesse geweckt, aber Du bist Dir nicht ganz sicher? Dann schreib uns doch einfach hier (gerne auch [&hellip;]<\/p>\n","protected":false},"author":1,"featured_media":0,"parent":0,"menu_order":0,"comment_status":"closed","ping_status":"closed","template":"","meta":{"ngg_post_thumbnail":0,"footnotes":""},"class_list":["post-436","page","type-page","status-publish","hentry"],"_links":{"self":[{"href":"https:\/\/av-normannia-mainz.de\/index.php?rest_route=\/wp\/v2\/pages\/436","targetHints":{"allow":["GET"]}}],"collection":[{"href":"https:\/\/av-normannia-mainz.de\/index.php?rest_route=\/wp\/v2\/pages"}],"about":[{"href":"https:\/\/av-normannia-mainz.de\/index.php?rest_route=\/wp\/v2\/types\/page"}],"author":[{"embeddable":true,"href":"https:\/\/av-normannia-mainz.de\/index.php?rest_route=\/wp\/v2\/users\/1"}],"replies":[{"embeddable":true,"href":"https:\/\/av-normannia-mainz.de\/index.php?rest_route=%2Fwp%2Fv2%2Fcomments&post=436"}],"version-history":[{"count":12,"href":"https:\/\/av-normannia-mainz.de\/index.php?rest_route=\/wp\/v2\/pages\/436\/revisions"}],"predecessor-version":[{"id":666,"href":"https:\/\/av-normannia-mainz.de\/index.php?rest_route=\/wp\/v2\/pages\/436\/revisions\/666"}],"wp:attachment":[{"href":"https:\/\/av-normannia-mainz.de\/index.php?rest_route=%2Fwp%2Fv2%2Fmedia&parent=436"}],"curies":[{"name":"wp","href":"https:\/\/api.w.org\/{rel}","templated":true}]}}