{"id":433,"date":"2023-11-10T14:33:48","date_gmt":"2023-11-10T13:33:48","guid":{"rendered":"https:\/\/av-normannia-mainz.de\/?page_id=433"},"modified":"2026-01-05T09:24:58","modified_gmt":"2026-01-05T08:24:58","slug":"wohnen","status":"publish","type":"page","link":"https:\/\/av-normannia-mainz.de\/?page_id=433","title":{"rendered":"Zimmer gesucht?"},"content":{"rendered":"\n<p>Gemeinsam mit unserer Schwesterverbindung, der<a href=\"https:\/\/www.normannia-greifswald.org\/\">KStV Normannia Greifswald zu Mainz<\/a>, sowie den Vereinen KStV Ketteler, KStV Kurpfalz und Kurpfalz i.c. f\u00fchren wir ein gemeinsames <a href=\"https:\/\/www.studentenwohnheim-rhein-main.de\/\">Studierendenwohnheim<\/a>. Hier gibt es einen Flur nur f\u00fcr Frauen. Es ist eine Art 14er WG mit gemeinsamer K\u00fcche und gemeinsamen Sanit\u00e4ranlagen, jede hat aber ihr eigenes Zimmer mit Waschbecken, was es sehr einfach macht, sich zur\u00fcckzuziehen. Damit das WG-Leben trotz der Gr\u00f6\u00dfe funktioniert, haben wir eine Putzfachkraft, die immer werktags kommt.<\/p>\n\n\n\n<div class=\"wp-block-group is-layout-grid wp-container-core-group-is-layout-9649a0d9 wp-block-group-is-layout-grid\">\n<p class=\"has-text-align-center\"><i class=\"fas fa-location-dot\"><\/i><\/p>\n\n\n\n<p class=\"has-text-align-center\"><i class=\"fas fa-euro-sign\"><\/i><\/p>\n\n\n\n<p class=\"has-text-align-center\"><i class=\"fas fa-bed\"><\/i><\/p>\n\n\n\n<p class=\"has-text-align-center\"><i class=\"fas fa-shirt\"><\/i><\/p>\n<\/div>\n\n\n\n<div class=\"wp-block-group is-layout-grid wp-container-core-group-is-layout-9649a0d9 wp-block-group-is-layout-grid\">\n<p class=\"has-text-align-center\">15 Minuten zu Fu\u00df zur JGU, Haltestelle: M\u00fcnchhfeld<\/p>\n\n\n\n<p class=\"has-text-align-center\">240\u20ac Warmmiete<\/p>\n\n\n\n<p class=\"has-text-align-center\">vollm\u00f6beliert &amp; Internetanschluss<\/p>\n\n\n\n<p class=\"has-text-align-center\">Waschmaschine<\/p>\n<\/div>\n\n\n<style>.kb-row-layout-id433_1f2653-b9 > .kt-row-column-wrap{align-content:start;}:where(.kb-row-layout-id433_1f2653-b9 > .kt-row-column-wrap) > .wp-block-kadence-column{justify-content:start;}.kb-row-layout-id433_1f2653-b9 > .kt-row-column-wrap{column-gap:var(--global-kb-gap-md, 2rem);row-gap:var(--global-kb-gap-md, 2rem);padding-top:var(--global-kb-spacing-sm, 1.5rem);padding-bottom:var(--global-kb-spacing-sm, 1.5rem);}.kb-row-layout-id433_1f2653-b9 > .kt-row-column-wrap > div:not(.added-for-specificity){grid-column:initial;}.kb-row-layout-id433_1f2653-b9 > .kt-row-column-wrap{grid-template-columns:repeat(3, minmax(0, 1fr));}.kb-row-layout-id433_1f2653-b9 > .kt-row-layout-overlay{opacity:0.30;}@media all and (max-width: 1024px){.kb-row-layout-id433_1f2653-b9 > .kt-row-column-wrap > div:not(.added-for-specificity){grid-column:initial;}}@media all and (max-width: 1024px){.kb-row-layout-id433_1f2653-b9 > .kt-row-column-wrap{grid-template-columns:repeat(3, minmax(0, 1fr));}}@media all and (max-width: 767px){.kb-row-layout-id433_1f2653-b9 > .kt-row-column-wrap > div:not(.added-for-specificity){grid-column:initial;}.kb-row-layout-id433_1f2653-b9 > .kt-row-column-wrap{grid-template-columns:minmax(0, 1fr);}}<\/style><div class=\"kb-row-layout-wrap kb-row-layout-id433_1f2653-b9 alignnone wp-block-kadence-rowlayout\"><div class=\"kt-row-column-wrap kt-has-3-columns kt-row-layout-equal kt-tab-layout-inherit kt-mobile-layout-row kt-row-valign-top\">\n<style>.kadence-column433_b38a01-03 > .kt-inside-inner-col,.kadence-column433_b38a01-03 > .kt-inside-inner-col:before{border-top-left-radius:0px;border-top-right-radius:0px;border-bottom-right-radius:0px;border-bottom-left-radius:0px;}.kadence-column433_b38a01-03 > .kt-inside-inner-col{column-gap:var(--global-kb-gap-sm, 1rem);}.kadence-column433_b38a01-03 > .kt-inside-inner-col{flex-direction:column;}.kadence-column433_b38a01-03 > .kt-inside-inner-col > .aligncenter{width:100%;}.kadence-column433_b38a01-03 > .kt-inside-inner-col:before{opacity:0.3;}.kadence-column433_b38a01-03{position:relative;}@media all and (max-width: 1024px){.kadence-column433_b38a01-03 > .kt-inside-inner-col{flex-direction:column;justify-content:center;}}@media all and (max-width: 767px){.kadence-column433_b38a01-03 > .kt-inside-inner-col{flex-direction:column;justify-content:center;}}<\/style>\n<div class=\"wp-block-kadence-column kadence-column433_b38a01-03\"><div class=\"kt-inside-inner-col\">\n<p class=\"has-text-align-center\"><\/p>\n<\/div><\/div>\n\n\n<style>.kadence-column433_de18c3-ab > .kt-inside-inner-col,.kadence-column433_de18c3-ab > .kt-inside-inner-col:before{border-top-left-radius:0px;border-top-right-radius:0px;border-bottom-right-radius:0px;border-bottom-left-radius:0px;}.kadence-column433_de18c3-ab > .kt-inside-inner-col{column-gap:var(--global-kb-gap-sm, 1rem);}.kadence-column433_de18c3-ab > .kt-inside-inner-col{flex-direction:column;}.kadence-column433_de18c3-ab > .kt-inside-inner-col > .aligncenter{width:100%;}.kadence-column433_de18c3-ab > .kt-inside-inner-col:before{opacity:0.3;}.kadence-column433_de18c3-ab{position:relative;}@media all and (max-width: 1024px){.kadence-column433_de18c3-ab > .kt-inside-inner-col{flex-direction:column;justify-content:center;}}@media all and (max-width: 767px){.kadence-column433_de18c3-ab > .kt-inside-inner-col{flex-direction:column;justify-content:center;}}<\/style>\n<div class=\"wp-block-kadence-column kadence-column433_de18c3-ab\"><div class=\"kt-inside-inner-col\">\n<p class=\"has-text-align-center\"><\/p>\n\n\n\n<p class=\"has-text-align-center\"><\/p>\n<\/div><\/div>\n\n\n<style>.kadence-column433_af98f4-07 > .kt-inside-inner-col,.kadence-column433_af98f4-07 > .kt-inside-inner-col:before{border-top-left-radius:0px;border-top-right-radius:0px;border-bottom-right-radius:0px;border-bottom-left-radius:0px;}.kadence-column433_af98f4-07 > .kt-inside-inner-col{column-gap:var(--global-kb-gap-sm, 1rem);}.kadence-column433_af98f4-07 > .kt-inside-inner-col{flex-direction:column;}.kadence-column433_af98f4-07 > .kt-inside-inner-col > .aligncenter{width:100%;}.kadence-column433_af98f4-07 > .kt-inside-inner-col:before{opacity:0.3;}.kadence-column433_af98f4-07{position:relative;}@media all and (max-width: 1024px){.kadence-column433_af98f4-07 > .kt-inside-inner-col{flex-direction:column;justify-content:center;}}@media all and (max-width: 767px){.kadence-column433_af98f4-07 > .kt-inside-inner-col{flex-direction:column;justify-content:center;}}<\/style>\n<div class=\"wp-block-kadence-column kadence-column433_af98f4-07\"><div class=\"kt-inside-inner-col\">\n<p class=\"has-text-align-center\"><\/p>\n\n\n\n<p class=\"has-text-align-center\"><\/p>\n<\/div><\/div>\n\n<\/div><\/div>\n\n\n<p>Neben der WG haben wir einen gro\u00dfen Gemeinschaftskeller mit Bar und K\u00fcchenraum, in dem die meisten unserer Veranstaltungen stattfinden und in dem man auch jederzeit super gem\u00fctlich sitzen kann. Dazu kommt der gro\u00dfe Garten, der im Sommer ein absolutes Muss ist, ob man gem\u00fctlich in der H\u00e4ngematte liegen, Volleyball spielen, grillen oder einfach gem\u00fctlich am Tisch beisammensitzen, jeder findet hier einen sch\u00f6nen Platz f\u00fcr sich.<\/p>\n\n\n<div id=\"metaslider-id-593\" style=\"width: 100%;\" class=\"ml-slider-3-109-0 metaslider metaslider-flex metaslider-593 ml-slider has-dots-nav ms-theme-default\" role=\"region\" aria-label=\"New Slideshow\" data-height=\"300\" data-width=\"700\">\n    <div id=\"metaslider_container_593\">\n        <div id=\"metaslider_593\">\n            <ul class='slides'>\n                <li style=\"display: block; width: 100%;\" class=\"slide-594 ms-image \" aria-roledescription=\"slide\" data-date=\"2024-09-20 20:05:57\" data-filename=\"StudentenwohnheimRheinMain_Garten_02-700x300.webp\" data-slide-type=\"image\"><img loading=\"lazy\" decoding=\"async\" src=\"https:\/\/av-normannia-mainz.de\/wp-content\/uploads\/2024\/02\/StudentenwohnheimRheinMain_Garten_02-700x300.webp\" height=\"300\" width=\"700\" alt=\"\" class=\"slider-593 slide-594 msDefaultImage\" title=\"StudentenwohnheimRheinMain_Garten_02\" \/><\/li>\n                <li style=\"display: none; width: 100%;\" class=\"slide-595 ms-image \" aria-roledescription=\"slide\" data-date=\"2024-09-20 20:05:57\" data-filename=\"StudentenwohnheimRheinMain_Garten_01-700x300.webp\" data-slide-type=\"image\"><img loading=\"lazy\" decoding=\"async\" src=\"https:\/\/av-normannia-mainz.de\/wp-content\/uploads\/2024\/02\/StudentenwohnheimRheinMain_Garten_01-700x300.webp\" height=\"300\" width=\"700\" alt=\"\" class=\"slider-593 slide-595 msDefaultImage\" title=\"StudentenwohnheimRheinMain_Garten_01\" \/><\/li>\n                <li style=\"display: none; width: 100%;\" class=\"slide-596 ms-image \" aria-roledescription=\"slide\" data-date=\"2024-09-20 20:05:57\" data-filename=\"StudentenwohnheimRheinMain_Garten_04-700x300.webp\" data-slide-type=\"image\"><img loading=\"lazy\" decoding=\"async\" src=\"https:\/\/av-normannia-mainz.de\/wp-content\/uploads\/2024\/02\/StudentenwohnheimRheinMain_Garten_04-700x300.webp\" height=\"300\" width=\"700\" alt=\"\" class=\"slider-593 slide-596 msDefaultImage\" title=\"StudentenwohnheimRheinMain_Garten_04\" \/><\/li>\n                <li style=\"display: none; width: 100%;\" class=\"slide-597 ms-image \" aria-roledescription=\"slide\" data-date=\"2024-09-20 20:05:57\" data-filename=\"IMG_3468-rotated-700x300.jpg\" data-slide-type=\"image\"><img loading=\"lazy\" decoding=\"async\" src=\"https:\/\/av-normannia-mainz.de\/wp-content\/uploads\/2024\/02\/IMG_3468-rotated-700x300.jpg\" height=\"300\" width=\"700\" alt=\"\" class=\"slider-593 slide-597 msDefaultImage\" title=\"IMG_3468\" \/><\/li>\n                <li style=\"display: none; width: 100%;\" class=\"slide-598 ms-image \" aria-roledescription=\"slide\" data-date=\"2024-09-20 20:05:57\" data-filename=\"IMG_3476-700x300.jpg\" data-slide-type=\"image\"><img loading=\"lazy\" decoding=\"async\" src=\"https:\/\/av-normannia-mainz.de\/wp-content\/uploads\/2024\/02\/IMG_3476-700x300.jpg\" height=\"300\" width=\"700\" alt=\"\" class=\"slider-593 slide-598 msDefaultImage\" title=\"IMG_3476\" \/><\/li>\n                <li style=\"display: none; width: 100%;\" class=\"slide-599 ms-image \" aria-roledescription=\"slide\" data-date=\"2024-09-20 20:05:57\" data-filename=\"IMG_3439-700x300.jpg\" data-slide-type=\"image\"><img loading=\"lazy\" decoding=\"async\" src=\"https:\/\/av-normannia-mainz.de\/wp-content\/uploads\/2024\/02\/IMG_3439-700x300.jpg\" height=\"300\" width=\"700\" alt=\"\" class=\"slider-593 slide-599 msDefaultImage\" title=\"IMG_3439\" \/><\/li>\n                <li style=\"display: none; width: 100%;\" class=\"slide-600 ms-image \" aria-roledescription=\"slide\" data-date=\"2024-09-20 20:05:57\" data-filename=\"IMG_3442-700x300.jpg\" data-slide-type=\"image\"><img loading=\"lazy\" decoding=\"async\" src=\"https:\/\/av-normannia-mainz.de\/wp-content\/uploads\/2024\/02\/IMG_3442-700x300.jpg\" height=\"300\" width=\"700\" alt=\"\" class=\"slider-593 slide-600 msDefaultImage\" title=\"IMG_3442\" \/><\/li>\n                <li style=\"display: none; width: 100%;\" class=\"slide-601 ms-image \" aria-roledescription=\"slide\" data-date=\"2024-09-20 20:05:57\" data-filename=\"IMG_3465-rotated-700x300.jpg\" data-slide-type=\"image\"><img loading=\"lazy\" decoding=\"async\" src=\"https:\/\/av-normannia-mainz.de\/wp-content\/uploads\/2024\/02\/IMG_3465-rotated-700x300.jpg\" height=\"300\" width=\"700\" alt=\"\" class=\"slider-593 slide-601 msDefaultImage\" title=\"IMG_3465\" \/><\/li>\n                <li style=\"display: none; width: 100%;\" class=\"slide-602 ms-image \" aria-roledescription=\"slide\" data-date=\"2024-09-20 20:05:57\" data-filename=\"IMG_3451-rotated-700x300.jpg\" data-slide-type=\"image\"><img loading=\"lazy\" decoding=\"async\" src=\"https:\/\/av-normannia-mainz.de\/wp-content\/uploads\/2024\/02\/IMG_3451-rotated-700x300.jpg\" height=\"300\" width=\"700\" alt=\"\" class=\"slider-593 slide-602 msDefaultImage\" title=\"IMG_3451\" \/><\/li>\n                <li style=\"display: none; width: 100%;\" class=\"slide-603 ms-image \" aria-roledescription=\"slide\" data-date=\"2024-09-20 20:05:57\" data-filename=\"IMG_3448-rotated-700x300.jpg\" data-slide-type=\"image\"><img loading=\"lazy\" decoding=\"async\" src=\"https:\/\/av-normannia-mainz.de\/wp-content\/uploads\/2024\/02\/IMG_3448-rotated-700x300.jpg\" height=\"300\" width=\"700\" alt=\"\" class=\"slider-593 slide-603 msDefaultImage\" title=\"IMG_3448\" \/><\/li>\n                <li style=\"display: none; width: 100%;\" class=\"slide-604 ms-image \" aria-roledescription=\"slide\" data-date=\"2024-09-20 20:05:58\" data-filename=\"IMG_3446-700x300.jpg\" data-slide-type=\"image\"><img loading=\"lazy\" decoding=\"async\" src=\"https:\/\/av-normannia-mainz.de\/wp-content\/uploads\/2024\/02\/IMG_3446-700x300.jpg\" height=\"300\" width=\"700\" alt=\"\" class=\"slider-593 slide-604 msDefaultImage\" title=\"IMG_3446\" \/><\/li>\n                <li style=\"display: none; width: 100%;\" class=\"slide-605 ms-image \" aria-roledescription=\"slide\" data-date=\"2024-09-20 20:05:58\" data-filename=\"IMG_3462-700x300.jpg\" data-slide-type=\"image\"><img loading=\"lazy\" decoding=\"async\" src=\"https:\/\/av-normannia-mainz.de\/wp-content\/uploads\/2024\/02\/IMG_3462-700x300.jpg\" height=\"300\" width=\"700\" alt=\"\" class=\"slider-593 slide-605 msDefaultImage\" title=\"IMG_3462\" \/><\/li>\n                <li style=\"display: none; width: 100%;\" class=\"slide-606 ms-image \" aria-roledescription=\"slide\" data-date=\"2024-09-20 20:05:58\" data-filename=\"IMG_3460-700x300.jpg\" data-slide-type=\"image\"><img loading=\"lazy\" decoding=\"async\" src=\"https:\/\/av-normannia-mainz.de\/wp-content\/uploads\/2024\/02\/IMG_3460-700x300.jpg\" height=\"300\" width=\"700\" alt=\"\" class=\"slider-593 slide-606 msDefaultImage\" title=\"IMG_3460\" \/><\/li>\n            <\/ul>\n        <\/div>\n        \n    <\/div>\n<\/div>\n\n\n\n<p>In der N\u00e4he gibt es<\/p>\n\n\n\n<div class=\"wp-block-columns is-layout-flex wp-container-core-columns-is-layout-9d6595d7 wp-block-columns-is-layout-flex\">\n<div class=\"wp-block-column is-layout-flow wp-block-column-is-layout-flow\" style=\"flex-basis:100%\"><\/div>\n<\/div>\n\n\n\n<div class=\"wp-block-columns is-layout-flex wp-container-core-columns-is-layout-9d6595d7 wp-block-columns-is-layout-flex\">\n<div class=\"wp-block-column is-layout-flow wp-block-column-is-layout-flow\">\n<p class=\"has-text-align-center\"><i class=\"fas fa-bus\"><\/i><\/p>\n\n\n\n<p class=\"has-text-align-center\">Bushaltestelle, MVGmeinRad<\/p>\n<\/div>\n\n\n\n<div class=\"wp-block-column is-layout-flow wp-block-column-is-layout-flow\">\n<p class=\"has-text-align-center\"><i class=\"fas fa-basket-shopping\"><\/i><\/p>\n\n\n\n<p class=\"has-text-align-center\">Rewe<\/p>\n<\/div>\n\n\n\n<div class=\"wp-block-column is-layout-flow wp-block-column-is-layout-flow\">\n<p class=\"has-text-align-center\"><i class=\"fas fa-leaf\"><\/i><\/p>\n\n\n\n<p class=\"has-text-align-center\">Joggingrunde durch Felder<\/p>\n<\/div>\n\n\n\n<div class=\"wp-block-column is-layout-flow wp-block-column-is-layout-flow\">\n<p class=\"has-text-align-center\"><i class=\"fas fa-heart-pulse\"><\/i><\/p>\n\n\n\n<p class=\"has-text-align-center\">Apotheke &amp; Arztpraxen<\/p>\n<\/div>\n\n\n\n<div class=\"wp-block-column is-layout-flow wp-block-column-is-layout-flow\">\n<p class=\"has-text-align-center\"><i class=\"fas fa-piggy-bank\"><\/i><\/p>\n\n\n\n<p>MVB-Terminal<\/p>\n<\/div>\n<\/div>\n\n\n\n<p>Mehr Details findet ihr auf <a href=\"https:\/\/www.studentenwohnheim-rhein-main.de\/\" target=\"_blank\" rel=\"noreferrer noopener\">https:\/\/www.studentenwohnheim-rhein-main.de\/<\/a>. Bewerbung und Fragen per Nachricht an uns (<a href=\"https:\/\/av-normannia-mainz.de\/?page_id=67\" target=\"_blank\" rel=\"noreferrer noopener\">Kontaktformular<\/a>, <a href=\"https:\/\/www.instagram.com\/avnormanniamainz\/\" target=\"_blank\" rel=\"noreferrer noopener\">Instagram<\/a>).  <\/p>\n\n\n\n<p><\/p>\n\n\n\n<p><\/p>\n\n\n\n<p><strong>!Wichtig<\/strong><\/p>\n\n\n\n<p>Bewerbungen sind nur noch auf das Sommersemester 2026 m\u00f6glich, ab Oktober soll das Wohnheim dann saniert werden, weshalb dann alle Bewohner:innen wieder ausziehen m\u00fcssen, die Mietvertr\u00e4ge laufen bis 30.09.2026.<\/p>\n\n\n\n<p><\/p>\n","protected":false},"excerpt":{"rendered":"<p>Gemeinsam mit unserer Schwesterverbindung, derKStV Normannia Greifswald zu Mainz, sowie den Vereinen KStV Ketteler, KStV Kurpfalz und Kurpfalz i.c. f\u00fchren wir ein gemeinsames Studierendenwohnheim. Hier gibt es einen Flur nur [&hellip;]<\/p>\n","protected":false},"author":1,"featured_media":0,"parent":0,"menu_order":0,"comment_status":"closed","ping_status":"closed","template":"","meta":{"ngg_post_thumbnail":0,"footnotes":""},"class_list":["post-433","page","type-page","status-publish","hentry"],"_links":{"self":[{"href":"https:\/\/av-normannia-mainz.de\/index.php?rest_route=\/wp\/v2\/pages\/433","targetHints":{"allow":["GET"]}}],"collection":[{"href":"https:\/\/av-normannia-mainz.de\/index.php?rest_route=\/wp\/v2\/pages"}],"about":[{"href":"https:\/\/av-normannia-mainz.de\/index.php?rest_route=\/wp\/v2\/types\/page"}],"author":[{"embeddable":true,"href":"https:\/\/av-normannia-mainz.de\/index.php?rest_route=\/wp\/v2\/users\/1"}],"replies":[{"embeddable":true,"href":"https:\/\/av-normannia-mainz.de\/index.php?rest_route=%2Fwp%2Fv2%2Fcomments&post=433"}],"version-history":[{"count":28,"href":"https:\/\/av-normannia-mainz.de\/index.php?rest_route=\/wp\/v2\/pages\/433\/revisions"}],"predecessor-version":[{"id":693,"href":"https:\/\/av-normannia-mainz.de\/index.php?rest_route=\/wp\/v2\/pages\/433\/revisions\/693"}],"wp:attachment":[{"href":"https:\/\/av-normannia-mainz.de\/index.php?rest_route=%2Fwp%2Fv2%2Fmedia&parent=433"}],"curies":[{"name":"wp","href":"https:\/\/api.w.org\/{rel}","templated":true}]}}